{"id":975,"date":"2022-03-16T09:30:25","date_gmt":"2022-03-16T07:30:25","guid":{"rendered":"https:\/\/www.racingpigeonsolimpiad.com\/new\/?page_id=975"},"modified":"2022-06-30T10:13:45","modified_gmt":"2022-06-30T07:13:45","slug":"location","status":"publish","type":"page","link":"http:\/\/www.racingpigeonsolimpiad.com\/ro\/location\/","title":{"rendered":"Locatie"},"content":{"rendered":"<div data-elementor-type=\"wp-page\" data-elementor-id=\"975\" class=\"elementor elementor-975\">\n\t\t\t\t\t\t\t\t\t<section class=\"elementor-section elementor-top-section elementor-element elementor-element-7d1a0fc8 elementor-section-boxed elementor-section-height-default elementor-section-height-default\" data-id=\"7d1a0fc8\" data-element_type=\"section\">\n\t\t\t\t\t\t<div class=\"elementor-container elementor-column-gap-default\">\n\t\t\t\t\t<div class=\"elementor-column elementor-col-100 elementor-top-column elementor-element elementor-element-79f3382e\" data-id=\"79f3382e\" data-element_type=\"column\">\n\t\t\t<div class=\"elementor-widget-wrap elementor-element-populated\">\n\t\t\t\t\t\t\t\t<div class=\"elementor-element elementor-element-53d34385 elementor-widget elementor-widget-text-editor\" data-id=\"53d34385\" data-element_type=\"widget\" data-widget_type=\"text-editor.default\">\n\t\t\t\t<div class=\"elementor-widget-container\">\n\t\t\t<style>\/*! elementor - v3.6.7 - 03-07-2022 *\/\n.elementor-widget-text-editor.elementor-drop-cap-view-stacked .elementor-drop-cap{background-color:#818a91;color:#fff}.elementor-widget-text-editor.elementor-drop-cap-view-framed .elementor-drop-cap{color:#818a91;border:3px solid;background-color:transparent}.elementor-widget-text-editor:not(.elementor-drop-cap-view-default) .elementor-drop-cap{margin-top:8px}.elementor-widget-text-editor:not(.elementor-drop-cap-view-default) .elementor-drop-cap-letter{width:1em;height:1em}.elementor-widget-text-editor .elementor-drop-cap{float:left;text-align:center;line-height:1;font-size:50px}.elementor-widget-text-editor .elementor-drop-cap-letter{display:inline-block}<\/style>\t\t\t\t<p><!-- wp:paragraph --><\/p>\n<h3>Oradea, Romania, Sala Polivalenta, Strada Traian Blajovici  nr.\u00a0 24, cod postal 410209<\/h3>\n<p>Oradea este un ora\u0219 din Rom\u00e2nia, situat \u00een Cri\u0219ana, o subregiune a Transilvaniei.Sediul jude\u021bului Bihor, Oradea este unul dintre cele mai importante centre economice, sociale \u0219i culturale din vestul Rom\u00e2niei. Ora\u0219ul este situat \u00een partea de nord-vest a \u021b\u0103rii, situat la aproximativ 10 km (6.2 mi) de Bor\u0219, unul dintre cele mai importante puncte de trecere de la grani\u021ba Rom\u00e2niei cu Ungaria.<\/p>\n<p><!-- \/wp:paragraph --><\/p>\n<p><!-- wp:paragraph --><\/p>\n<p><span style=\"font-style: inherit; font-weight: inherit; background-color: var(--ast-global-color-5); color: var(--ast-global-color-3);\">Oradea este deasemenea, un centru industrial puternic \u00een regiune, g\u0103zduind unele dintre cele mai mari companii din Rom\u00e2nia. Pe l\u00e2ng\u0103 statutul s\u0103u de centru economic, Oradea se m\u00e2ndre\u0219te cu un bogat patrimoniu arhitectural art Nouveau \u0219i este membru al re\u021belei Art Nouveau.<\/span><br><\/p>\n<p><!-- \/wp:paragraph --><\/p>\t\t\t\t\t\t<\/div>\n\t\t\t\t<\/div>\n\t\t\t\t\t<\/div>\n\t\t<\/div>\n\t\t\t\t\t\t\t<\/div>\n\t\t<\/section>\n\t\t\t\t<section class=\"elementor-section elementor-top-section elementor-element elementor-element-8546bb0 elementor-section-boxed elementor-section-height-default elementor-section-height-default\" data-id=\"8546bb0\" data-element_type=\"section\">\n\t\t\t\t\t\t<div class=\"elementor-container elementor-column-gap-default\">\n\t\t\t\t\t<div class=\"elementor-column elementor-col-100 elementor-top-column elementor-element elementor-element-6fc22fa\" data-id=\"6fc22fa\" data-element_type=\"column\">\n\t\t\t<div class=\"elementor-widget-wrap elementor-element-populated\">\n\t\t\t\t\t\t\t\t<section class=\"elementor-section elementor-inner-section elementor-element elementor-element-a0a95cb elementor-section-boxed elementor-section-height-default elementor-section-height-default\" data-id=\"a0a95cb\" data-element_type=\"section\">\n\t\t\t\t\t\t<div class=\"elementor-container elementor-column-gap-default\">\n\t\t\t\t\t<div class=\"elementor-column elementor-col-100 elementor-inner-column elementor-element elementor-element-b38a041\" data-id=\"b38a041\" data-element_type=\"column\">\n\t\t\t<div class=\"elementor-widget-wrap elementor-element-populated\">\n\t\t\t\t\t\t\t\t<div class=\"elementor-element elementor-element-7cf1cfc elementor-widget elementor-widget-text-editor\" data-id=\"7cf1cfc\" data-element_type=\"widget\" data-widget_type=\"text-editor.default\">\n\t\t\t\t<div class=\"elementor-widget-container\">\n\t\t\t\t\t\t\t<p>Click pe imagine pentru a accesa google.com\/maps cu locatiile predefinite.<\/p>\t\t\t\t\t\t<\/div>\n\t\t\t\t<\/div>\n\t\t\t\t\t<\/div>\n\t\t<\/div>\n\t\t\t\t\t\t\t<\/div>\n\t\t<\/section>\n\t\t\t\t\t<\/div>\n\t\t<\/div>\n\t\t\t\t\t\t\t<\/div>\n\t\t<\/section>\n\t\t\t\t<section class=\"elementor-section elementor-top-section elementor-element elementor-element-ca6ab9c elementor-section-boxed elementor-section-height-default elementor-section-height-default\" data-id=\"ca6ab9c\" data-element_type=\"section\">\n\t\t\t\t\t\t<div class=\"elementor-container elementor-column-gap-default\">\n\t\t\t\t\t<div class=\"elementor-column elementor-col-100 elementor-top-column elementor-element elementor-element-02afec7\" data-id=\"02afec7\" data-element_type=\"column\">\n\t\t\t<div class=\"elementor-widget-wrap elementor-element-populated\">\n\t\t\t\t\t\t\t\t<div class=\"elementor-element elementor-element-d86d519 elementor-widget elementor-widget-image\" data-id=\"d86d519\" data-element_type=\"widget\" data-widget_type=\"image.default\">\n\t\t\t\t<div class=\"elementor-widget-container\">\n\t\t\t<style>\/*! elementor - v3.6.7 - 03-07-2022 *\/\n.elementor-widget-image{text-align:center}.elementor-widget-image a{display:inline-block}.elementor-widget-image a img[src$=\".svg\"]{width:48px}.elementor-widget-image img{vertical-align:middle;display:inline-block}<\/style>\t\t\t\t\t\t\t\t\t\t\t\t\t<a href=\"https:\/\/goo.gl\/maps\/gimTv3q5hw2GNgnd6\" target=\"_blank\" title=\"Click on the map\">\n\t\t\t\t\t\t\t<img width=\"1536\" height=\"705\" src=\"http:\/\/www.racingpigeonsolimpiad.com\/wp-content\/uploads\/2022\/06\/harta_oradea-1536x705.jpg\" class=\"attachment-1536x1536 size-1536x1536\" alt=\"Oradea\" loading=\"lazy\" srcset=\"http:\/\/www.racingpigeonsolimpiad.com\/wp-content\/uploads\/2022\/06\/harta_oradea-1536x705.jpg 1536w, http:\/\/www.racingpigeonsolimpiad.com\/wp-content\/uploads\/2022\/06\/harta_oradea-300x138.jpg 300w, http:\/\/www.racingpigeonsolimpiad.com\/wp-content\/uploads\/2022\/06\/harta_oradea-1024x470.jpg 1024w, http:\/\/www.racingpigeonsolimpiad.com\/wp-content\/uploads\/2022\/06\/harta_oradea-768x353.jpg 768w, http:\/\/www.racingpigeonsolimpiad.com\/wp-content\/uploads\/2022\/06\/harta_oradea-2048x941.jpg 2048w, http:\/\/www.racingpigeonsolimpiad.com\/wp-content\/uploads\/2022\/06\/harta_oradea-18x8.jpg 18w\" sizes=\"(max-width: 1536px) 100vw, 1536px\" \/>\t\t\t\t\t\t\t\t<\/a>\n\t\t\t\t\t\t\t\t\t\t\t\t\t\t\t<\/div>\n\t\t\t\t<\/div>\n\t\t\t\t\t<\/div>\n\t\t<\/div>\n\t\t\t\t\t\t\t<\/div>\n\t\t<\/section>\n\t\t\t\t<section class=\"elementor-section elementor-top-section elementor-element elementor-element-5d095de elementor-section-boxed elementor-section-height-default elementor-section-height-default\" data-id=\"5d095de\" data-element_type=\"section\">\n\t\t\t\t\t\t<div class=\"elementor-container elementor-column-gap-default\">\n\t\t\t\t\t<div class=\"elementor-column elementor-col-100 elementor-top-column elementor-element elementor-element-6f20b26\" data-id=\"6f20b26\" data-element_type=\"column\">\n\t\t\t<div class=\"elementor-widget-wrap elementor-element-populated\">\n\t\t\t\t\t\t\t\t<div class=\"elementor-element elementor-element-5f2683c elementor-widget elementor-widget-text-editor\" data-id=\"5f2683c\" data-element_type=\"widget\" data-widget_type=\"text-editor.default\">\n\t\t\t\t<div class=\"elementor-widget-container\">\n\t\t\t\t\t\t\t<h3 style=\"font-style: normal;\">Cum ajungi la Oradea ?<\/h3>\n<h3><img loading=\"lazy\" src=\"https:\/\/www.olympiad.ro\/wp-content\/uploads\/2022\/06\/car.png\" alt=\"\" width=\"53\" height=\"53\">&nbsp;<b style=\"font-size: 16px; font-style: inherit; text-indent: 0in; background-color: var(--ast-global-color-5); color: var(--ast-global-color-3); font-family: Montserrat, sans-serif;\">CU MA\u0218INA<\/b><\/h3>\n<p style=\"margin-left: 0in; text-indent: 0in; line-height: normal;\" align=\"left\"><span style=\"font-style: inherit; font-weight: inherit; text-indent: 0in; background-color: var(--ast-global-color-5); color: var(--ast-global-color-3);\">Oradea este un important nod de transport regional \u0219i european, fiind situat\u0103 la convergen\u0163a celor dou\u0103 re\u0163ele transeuropene care str\u0103bat Rom\u00e2nia pe direc\u0163ia est-vest, respectiv drumul european E60 (Cluj-Napoca, Bra\u0219ov, Sibiu, Bucure\u0219ti) \u015fi axa nord-sud, de care #Oradea este legat\u0103 prin DN76 (Maramure\u0219, Timi\u0219oara, Deva, Dun\u0103re). Din ora\u0219 po\u021bi ajunge la Budapesta \u00een 3h \u0219i la Viena \u00een 5h, ceea ce \u00eenseamn\u0103 c\u0103, \u00eentr-un weekend, po\u021bi face un #citybreak tihnit cu tema Art Nouveau.<\/span><\/p>\n<p style=\"mso-margin-top-alt: auto; mso-margin-bottom-alt: auto; margin-left: 0in; text-indent: 0in; line-height: normal; mso-pagination: widow-orphan;\">\n<\/p><h3><img loading=\"lazy\" src=\"https:\/\/www.olympiad.ro\/wp-content\/uploads\/2022\/06\/train.png\" alt=\"\" width=\"53\" height=\"53\">&nbsp;<b style=\"background-color: var(--ast-global-color-5); color: var(--ast-global-color-3); font-family: Montserrat, sans-serif; font-size: 1rem;\"><span style=\"font-size: 12.0pt; font-family: 'Times New Roman',serif; mso-fareast-font-family: 'Times New Roman'; mso-ansi-language: EN-US; mso-fareast-language: EN-US; mso-bidi-language: AR-SA;\">CU TRENUL<\/span><\/b><\/h3>\n<div>\n<p style=\"mso-margin-top-alt: auto; mso-margin-bottom-alt: auto; margin-left: 0in; text-indent: 0in; line-height: normal; mso-pagination: widow-orphan;\">Oradea este un nod feroviar pentru leg\u0103turile cu \u0163\u0103rile europene prin punctul de trecere a frontierei Episcopia Bihor, fiind u\u0219or accesibil\u0103 av\u00e2nd leg\u0103turi feroviare directe cu cele mai importante ora\u0219e din Rom\u00e2nia (Constan\u0163a, Bra\u0219ov, Bucure\u0219ti, Timi\u0219oara etc), dar \u0219i cu ora\u0219e importante din Europa. Prin Gara Central\u0103 \u0219i sta\u0163iile periferice tranziteaz\u0103 c\u0103l\u0103tori din \u0219i spre Europa Central\u0103 \u0219i de Vest, precum \u0219i din \u0163ar\u0103. Trenul \u201cTransilvania\u201d circul\u0103 zilnic pe ruta Viena-Oradea-Cluj-Napoca, iar biletele se pot achizi\u0163iona de aici: https:\/\/tickets.oebb.at\/en\/ticket.&nbsp;<span lang=\"EN-GB\"><a href=\"https:\/\/tickets.oebb.at\/en\/ticket\/\" target=\"_blank\" rel=\"noopener\"><span lang=\"EN-US\" style=\"mso-bidi-font-size: 12.0pt; color: blue; mso-ansi-language: EN-US;\">https:\/\/tickets.oebb.at\/en\/ticket<\/span><\/a><\/span>.<\/p>\n<\/div>\n<h3><img loading=\"lazy\" src=\"https:\/\/www.olympiad.ro\/wp-content\/uploads\/2022\/06\/plane.png\" alt=\"\" width=\"53\" height=\"53\">&nbsp;<b style=\"background-color: var(--ast-global-color-5); color: var(--ast-global-color-3); font-family: Montserrat, sans-serif; font-size: 1rem;\"><span style=\"font-size: 12.0pt; font-family: 'Times New Roman',serif; mso-fareast-font-family: 'Times New Roman'; mso-ansi-language: EN-US; mso-fareast-language: EN-US; mso-bidi-language: AR-SA;\">CU AVIONUL<\/span><\/b><\/h3>\n<div><span style=\"color: var(--ast-global-color-3); font-size: 1rem; font-style: inherit; font-weight: inherit; text-indent: 0in; background-color: var(--ast-global-color-5);\">Pentru o c\u0103l\u0103torie rapid\u0103, alege cursele propuse de aeroportul interna\u021bional din Oradea. Acesta este la distan\u021b\u0103 foarte mic\u0103 de ora\u0219 (6 km) \u0219i opereaz\u0103 urm\u0103toarele zboruri:<\/span><\/div>\n<div>\n<p><b><span style=\"font-style: inherit; text-indent: -0.25in; background-color: var(--ast-global-color-5); color: var(--ast-global-color-3);\">Oradea - Bucure\u0219ti (operator Tarom) <\/span><span lang=\"EN-GB\" style=\"font-style: inherit; text-indent: -0.25in; background-color: var(--ast-global-color-5); color: var(--ast-global-color-3);\"><a href=\"http:\/\/www.tarom.ro\/\"><span lang=\"EN-US\" style=\"color: blue;\">www.tarom.ro<\/span><\/a><\/span><\/b><br><\/p>\n<p style=\"font-size: 16px; font-style: normal; font-weight: 400;\"><span style=\"background-color: var(--ast-global-color-5); color: var(--ast-global-color-3);\">Pe l\u00e2ng\u0103 aeroportul propriu al ora\u0219ului (Aeroportul Interna\u021bional Oradea), Oradea este aproape de urm\u0103toarele aeroporturi:<\/span><br><\/p>\n<p style=\"font-size: 16px; font-style: normal; font-weight: 400;\">\n<\/p><p style=\"font-size: 16px; font-style: normal; font-weight: 400;\">\n<\/p><ul style=\"font-size: 16px; font-style: normal; font-weight: 400;\">\n<li style=\"font-size: 16px;\">1 or\u0103 (86,3 km) prin E79 - Aeroportul Interna\u021bional Debre\u021bin<\/li>\n<li style=\"font-size: 16px;\">2 h 30 min (172,8 km) prin DN79 \/ E671 - Aeroportul Interna\u021bional Timi\u0219oara<\/li>\n<li style=\"font-size: 16px;\">2 ore 30 min (313,2 km) prin M3 - Aeroportul Budapesta<\/li>\n<li style=\"font-size: 16px;\">3 ore (159,4 km) prin DN1 \/ E60 - Aeroportul Interna\u021bional \u201eAvram Iancu\u201d Cluj<\/li>\n<\/ul>\n<\/div>\n<div>\n<h3 style=\"font-style: normal;\"><span style=\"color: var(--ast-global-color-2); font-size: 2rem; background-color: var(--ast-global-color-5);\">Transport public Oradea<\/span><br><\/h3>\n<div>\n<p style=\"margin-left: .5in; text-indent: -.25in; mso-list: l0 level1 lfo1; tab-stops: list .5in;\"><!-- [if !supportLists]--><span style=\"font-size: 10.0pt; mso-bidi-font-size: 12.0pt; font-family: Symbol; mso-fareast-font-family: Symbol; mso-bidi-font-family: Symbol;\">\u00b7<span style=\"font-variant-numeric: normal; font-variant-east-asian: normal; font-stretch: normal; font-size: 7pt; line-height: normal; font-family: 'Times New Roman';\">&nbsp;&nbsp;&nbsp;&nbsp;&nbsp;&nbsp;&nbsp;&nbsp;<\/span><\/span>Eight <a href=\"http:\/\/www.otlra.ro\/reteatransport\/tramvaie\/linii\" target=\"_blank\" rel=\"noopener\">tramway<\/a>&nbsp;and 20 <a href=\"http:\/\/www.otlra.ro\/reteatransport\/autobuze\/linii\" target=\"_blank\" rel=\"noopener\">bus<\/a> routes connect Oradea&#8217;s main areas and tourist attractions.<br><a href=\"http:\/\/www.otlra.ro\/reteatransport\/tramvaie\/harta\" target=\"_blank\" rel=\"noopener\">Oradea Tramway routes map<\/a><br><a href=\"http:\/\/www.otlra.ro\/cms\/upload\/www.otlra.ro\/pagini\/ro\/reteaTransport\/Harti\/harta_OTL_autobuze.pdf\" target=\"_blank\" rel=\"noopener\">Map of Oradea Bus routes<\/a><\/p>\n<h3 style=\"font-style: normal;\">Companii de \u00eenchirieri auto:<\/h3>\n<p style=\"margin-left: .5in; text-indent: -.25in; mso-list: l0 level1 lfo1; tab-stops: list .5in;\">\n<\/p><p style=\"margin-left: .5in; text-indent: -.25in; mso-list: l0 level1 lfo1; tab-stops: list .5in;\"><a><!-- [if !supportLists]--><span style=\"font-size: 10.0pt; mso-bidi-font-size: 12.0pt; font-family: Symbol; mso-fareast-font-family: Symbol; mso-bidi-font-family: Symbol;\">\u00b7<span style=\"font-variant-numeric: normal; font-variant-east-asian: normal; font-stretch: normal; font-size: 7pt; line-height: normal; font-family: 'Times New Roman';\">&nbsp;&nbsp;&nbsp;&nbsp;&nbsp;&nbsp;&nbsp;&nbsp; <\/span><\/span><!--[endif]--><strong>Avis<\/strong> &#8211; Oradea Airport<br>Adresa: Calea Aradului nr. 80<br>Tel: (+4) 0259 425.242 &nbsp;<br><\/a><a href=\"mailto:reservations@avis.ro\">E-mail<\/a> &nbsp;<br><a href=\"http:\/\/avis.ro\/avisonline\/ro-gb\/avis.nsf?open&amp;~Default\" target=\"_blank\" rel=\"noopener\">Website<\/a><\/p>\n<p style=\"margin-left: .5in; text-indent: -.25in; mso-list: l0 level1 lfo1; tab-stops: list .5in;\"><!-- [if !supportLists]--><span style=\"font-size: 10.0pt; mso-bidi-font-size: 12.0pt; font-family: Symbol; mso-fareast-font-family: Symbol; mso-bidi-font-family: Symbol;\">\u00b7<span style=\"font-variant-numeric: normal; font-variant-east-asian: normal; font-stretch: normal; font-size: 7pt; line-height: normal; font-family: 'Times New Roman';\">&nbsp;&nbsp;&nbsp;&nbsp;&nbsp;&nbsp;&nbsp;&nbsp; <\/span><\/span><!--[endif]--><strong>Budget<\/strong><br>Adresa: Str. Mihai Viteazul 2 \/ 8 (Remtours) &nbsp;<br>Tel: (+4) 0259 432.888 &nbsp;<br><a href=\"mailto:reservations@budgetro.ro\">E-mail<\/a><\/p>\n<p style=\"margin-left: .5in; text-indent: -.25in; mso-list: l0 level1 lfo1; tab-stops: list .5in;\"><!-- [if !supportLists]--><span style=\"font-size: 10.0pt; mso-bidi-font-size: 12.0pt; font-family: Symbol; mso-fareast-font-family: Symbol; mso-bidi-font-family: Symbol;\">\u00b7<span style=\"font-variant-numeric: normal; font-variant-east-asian: normal; font-stretch: normal; font-size: 7pt; line-height: normal; font-family: 'Times New Roman';\">&nbsp;&nbsp;&nbsp;&nbsp;&nbsp;&nbsp;&nbsp;&nbsp; <\/span><\/span><!--[endif]--><strong>Budget<\/strong> &#8211; Oradea Airport<br>Adresa: Calea Aradului 80 &nbsp;<br>Tel: (+4) 0259 432.888 &nbsp;<br><a href=\"mailto:reservations@budgetro.ro\">E-mail<\/a><\/p>\n<p style=\"margin-left: .5in; text-indent: -.25in; mso-list: l0 level1 lfo1; tab-stops: list .5in;\"><!-- [if !supportLists]--><span style=\"font-size: 10.0pt; mso-bidi-font-size: 12.0pt; font-family: Symbol; mso-fareast-font-family: Symbol; mso-bidi-font-family: Symbol;\">\u00b7<span style=\"font-variant-numeric: normal; font-variant-east-asian: normal; font-stretch: normal; font-size: 7pt; line-height: normal; font-family: 'Times New Roman';\">&nbsp;&nbsp;&nbsp;&nbsp;&nbsp;&nbsp;&nbsp;&nbsp; <\/span><\/span><!--[endif]--><strong>EuroCars Romania<\/strong><br>Adresa: Calea Aradului 80 \u2014 (E671 \u2013 Oradea Airport) &nbsp;<br>Tel: (+4) 0727 373.799 &nbsp;<br><a href=\"mailto:office@eurocars.ro\">E-mail<\/a> &nbsp;<br><a href=\"http:\/\/www.eurocars.ro\/\" target=\"_blank\" rel=\"noopener\">Website<\/a><\/p>\n<p style=\"margin-left: .5in; text-indent: -.25in; mso-list: l0 level1 lfo1; tab-stops: list .5in;\"><!-- [if !supportLists]--><span style=\"font-size: 10.0pt; mso-bidi-font-size: 12.0pt; font-family: Symbol; mso-fareast-font-family: Symbol; mso-bidi-font-family: Symbol;\">\u00b7<span style=\"font-variant-numeric: normal; font-variant-east-asian: normal; font-stretch: normal; font-size: 7pt; line-height: normal; font-family: 'Times New Roman';\">&nbsp;&nbsp;&nbsp;&nbsp;&nbsp;&nbsp;&nbsp;&nbsp; <\/span><\/span><!--[endif]--><strong>Promotor Rent a Car<\/strong><br>Adresa: Strada Republicii 114 &nbsp;<br>Tel: (+4) 0734 403.403 &nbsp;<br><a href=\"mailto:office@auto-rent.ro\">E-mail<\/a> &nbsp;<br><a href=\"http:\/\/www.auto-rent.ro\/rent-a-car\/oradea.html\" target=\"_blank\" rel=\"noopener\">Website<\/a><\/p>\n<p style=\"margin-left: .5in; text-indent: -.25in; mso-list: l0 level1 lfo1; tab-stops: list .5in;\"><!-- [if !supportLists]--><span style=\"font-size: 10.0pt; mso-bidi-font-size: 12.0pt; font-family: Symbol; mso-fareast-font-family: Symbol; mso-bidi-font-family: Symbol;\">\u00b7<span style=\"font-variant-numeric: normal; font-variant-east-asian: normal; font-stretch: normal; font-size: 7pt; line-height: normal; font-family: 'Times New Roman';\">&nbsp;&nbsp;&nbsp;&nbsp;&nbsp;&nbsp;&nbsp;&nbsp; <\/span><\/span><!--[endif]--><strong>Rent a Car Oradea<\/strong><br>Adresa: Str. Libertatii 2-4, Oradea \u00a0 Tel: (+4) 0359 303-106 &nbsp;<br><a href=\"http:\/\/www.rentacaroradea.ro\/eng\" target=\"_blank\" rel=\"noopener\">Website<\/a><\/p>\n<p style=\"margin-left: .5in; text-indent: -.25in; mso-list: l0 level1 lfo1; tab-stops: list .5in;\"><!-- [if !supportLists]--><span style=\"font-size: 10.0pt; mso-bidi-font-size: 12.0pt; font-family: Symbol; mso-fareast-font-family: Symbol; mso-bidi-font-family: Symbol;\">\u00b7<span style=\"font-variant-numeric: normal; font-variant-east-asian: normal; font-stretch: normal; font-size: 7pt; line-height: normal; font-family: 'Times New Roman';\">&nbsp;&nbsp;&nbsp;&nbsp;&nbsp;&nbsp;&nbsp;&nbsp; <\/span><\/span><!--[endif]--><strong>Sixt<\/strong><br>Oradea Airport &nbsp; Tel: (+4) 0744 499.400 &nbsp;<br><a href=\"http:\/\/www.sixt.com\/car-rental\/romania\/oradea\" target=\"_blank\" rel=\"noopener\">Website<\/a><\/p>\n<p style=\"mso-margin-top-alt: auto; mso-margin-bottom-alt: auto; line-height: normal; mso-pagination: widow-orphan;\">\n<\/p><p style=\"mso-margin-top-alt: auto; mso-margin-bottom-alt: auto; line-height: normal; mso-pagination: widow-orphan;\">\n<\/p><p style=\"margin-left: .5in; text-indent: -.25in; mso-list: l0 level1 lfo1; tab-stops: list .5in;\">\n<\/p><p style=\"mso-margin-top-alt: auto; mso-margin-bottom-alt: auto; margin-left: 0in; text-indent: 0in; line-height: normal; mso-pagination: widow-orphan;\"><b>For #TAXI,&nbsp;you can use Bolt App, Uber App, Fulger App, City Taxi Oradea App.<\/b><\/p>\n<\/div>\n<\/div>\t\t\t\t\t\t<\/div>\n\t\t\t\t<\/div>\n\t\t\t\t\t<\/div>\n\t\t<\/div>\n\t\t\t\t\t\t\t<\/div>\n\t\t<\/section>\n\t\t\t\t\t\t\t<\/div>","protected":false},"excerpt":{"rendered":"<p>Oradea, Romania, Polyvalent Hall, Traian Blajovici Street no.&nbsp; 24, postal code 410209 Oradea is a city in Romania, located in Cri\u0219ana, a sub-region of Transylvania. Seat of the Bihor county, Oradea is one of the most important economic, social and cultural centers in the western part of Romania. The city is located in the north-west &hellip;<\/p>\n<p class=\"read-more\"> <a class=\"ast-button\" href=\"http:\/\/www.racingpigeonsolimpiad.com\/ro\/location\/\"> <span class=\"screen-reader-text\">Locatie<\/span> Citeste tot \u00bb<\/a><\/p>","protected":false},"author":1,"featured_media":0,"parent":0,"menu_order":0,"comment_status":"closed","ping_status":"closed","template":"","meta":{"site-sidebar-layout":"default","site-content-layout":"default","ast-global-header-display":"","ast-main-header-display":"","ast-hfb-above-header-display":"","ast-hfb-below-header-display":"","ast-hfb-mobile-header-display":"","site-post-title":"","ast-breadcrumbs-content":"","ast-featured-img":"","footer-sml-layout":"","theme-transparent-header-meta":"","adv-header-id-meta":"","stick-header-meta":"","header-above-stick-meta":"","header-main-stick-meta":"","header-below-stick-meta":""},"_links":{"self":[{"href":"http:\/\/www.racingpigeonsolimpiad.com\/ro\/wp-json\/wp\/v2\/pages\/975"}],"collection":[{"href":"http:\/\/www.racingpigeonsolimpiad.com\/ro\/wp-json\/wp\/v2\/pages"}],"about":[{"href":"http:\/\/www.racingpigeonsolimpiad.com\/ro\/wp-json\/wp\/v2\/types\/page"}],"author":[{"embeddable":true,"href":"http:\/\/www.racingpigeonsolimpiad.com\/ro\/wp-json\/wp\/v2\/users\/1"}],"replies":[{"embeddable":true,"href":"http:\/\/www.racingpigeonsolimpiad.com\/ro\/wp-json\/wp\/v2\/comments?post=975"}],"version-history":[{"count":79,"href":"http:\/\/www.racingpigeonsolimpiad.com\/ro\/wp-json\/wp\/v2\/pages\/975\/revisions"}],"predecessor-version":[{"id":1475,"href":"http:\/\/www.racingpigeonsolimpiad.com\/ro\/wp-json\/wp\/v2\/pages\/975\/revisions\/1475"}],"wp:attachment":[{"href":"http:\/\/www.racingpigeonsolimpiad.com\/ro\/wp-json\/wp\/v2\/media?parent=975"}],"curies":[{"name":"wp","href":"https:\/\/api.w.org\/{rel}","templated":true}]}}