{"id":973,"date":"2022-03-16T09:29:31","date_gmt":"2022-03-16T07:29:31","guid":{"rendered":"https:\/\/www.racingpigeonsolimpiad.com\/new\/?page_id=973"},"modified":"2022-08-05T18:25:57","modified_gmt":"2022-08-05T15:25:57","slug":"about","status":"publish","type":"page","link":"http:\/\/www.racingpigeonsolimpiad.com\/ro\/about\/","title":{"rendered":"Despre"},"content":{"rendered":"<p>\u00cen august 2022, Rom\u00e2nia urmeaz\u0103 s\u0103 organizeze pentru prima dat\u0103 Olimpiada columbofil\u0103, un eveniment de frunte al structurii interna\u021bionale a columbofililor, care valideaz\u0103 credibilitatea \u0219i respectul de care se bucur\u0103 la nivel interna\u021bional F.N.C.P.R. Evenimentul este organizat sub egida Federa\u021biei Interna\u021bionale Columbofile (F.C.I.), reprezent\u00e2nd interesele a peste 4 milioane de columbofili din \u00eentreaga lume. Federa\u021bia Interna\u021bional\u0103 a Columbofililor a fost \u00eenfiin\u021bat\u0103 \u00een anul 1937, are sediul \u00een Belgia \u0219i are 70 de federa\u021bii afiliate \u00een \u00eentreaga lume.<\/p>\n\n\n\n<p>Olimpiada columbofil\u0103 este un eveniment interna\u021bional, care reune\u0219te porumbeii din \u00eentreaga lume \u0219i este organizat o dat\u0103 la doi ani.<\/p>\n\n\n\n<p>Vom organiza cea de-a 37-a edi\u021bie la Oradea, cu delega\u021bii din cele 70 de \u021b\u0103ri \u0219i aproximativ 15000 de vizitatori \u0219i expozan\u021bi.<\/p>\n\n\n\n<p>\u012an timpul Olimpiadei Porumbeilor Voiajori, vizitatorii vor putea nu numai s\u0103 admire porumbei excelen\u021bi, de \u012bnalt\u0103 performan\u021b\u0103, dar \u0219i s\u0103 \u012bnve\u021be lucruri despre istoria porumbelului voiajor, mai multe detalii despre columbofilie, despre columbofili \u0219i porumbei celebri. \u012an plus, va exista o expozi\u021bie cu participarea a multor companii care comercializeaz\u0103 produse pentru porumbei.<\/p>\n\n\n\n<p>The criteria for Racing Pigeon Olympic participation are determined by the FCI Sports Committee and approved by the FCI Director Committee.<\/p>","protected":false},"excerpt":{"rendered":"<p>In August 2022, Romania will organize for the first time&nbsp; Racing Pigeon Olympiad, a leading event of the international pigeon fanciers structure that validates the credibility and respect enjoyed internationally by F.N.C.P.R. The event is organized under the guidance of the International Pigeons Federation (F.C.I.) representing the interests of more than 4 million fanciers from &hellip;<\/p>\n<p class=\"read-more\"> <a class=\"ast-button\" href=\"http:\/\/www.racingpigeonsolimpiad.com\/ro\/about\/\"> <span class=\"screen-reader-text\">Despre<\/span> Citeste tot \u00bb<\/a><\/p>","protected":false},"author":1,"featured_media":0,"parent":0,"menu_order":0,"comment_status":"closed","ping_status":"closed","template":"","meta":{"site-sidebar-layout":"default","site-content-layout":"default","ast-global-header-display":"","ast-main-header-display":"","ast-hfb-above-header-display":"","ast-hfb-below-header-display":"","ast-hfb-mobile-header-display":"","site-post-title":"","ast-breadcrumbs-content":"","ast-featured-img":"","footer-sml-layout":"","theme-transparent-header-meta":"","adv-header-id-meta":"","stick-header-meta":"","header-above-stick-meta":"","header-main-stick-meta":"","header-below-stick-meta":""},"_links":{"self":[{"href":"http:\/\/www.racingpigeonsolimpiad.com\/ro\/wp-json\/wp\/v2\/pages\/973"}],"collection":[{"href":"http:\/\/www.racingpigeonsolimpiad.com\/ro\/wp-json\/wp\/v2\/pages"}],"about":[{"href":"http:\/\/www.racingpigeonsolimpiad.com\/ro\/wp-json\/wp\/v2\/types\/page"}],"author":[{"embeddable":true,"href":"http:\/\/www.racingpigeonsolimpiad.com\/ro\/wp-json\/wp\/v2\/users\/1"}],"replies":[{"embeddable":true,"href":"http:\/\/www.racingpigeonsolimpiad.com\/ro\/wp-json\/wp\/v2\/comments?post=973"}],"version-history":[{"count":4,"href":"http:\/\/www.racingpigeonsolimpiad.com\/ro\/wp-json\/wp\/v2\/pages\/973\/revisions"}],"predecessor-version":[{"id":1589,"href":"http:\/\/www.racingpigeonsolimpiad.com\/ro\/wp-json\/wp\/v2\/pages\/973\/revisions\/1589"}],"wp:attachment":[{"href":"http:\/\/www.racingpigeonsolimpiad.com\/ro\/wp-json\/wp\/v2\/media?parent=973"}],"curies":[{"name":"wp","href":"https:\/\/api.w.org\/{rel}","templated":true}]}}